{"id":2582,"date":"2021-11-15T15:46:09","date_gmt":"2021-11-15T15:46:09","guid":{"rendered":"https:\/\/sailyachting.indigomedia.nl\/?page_id=2582"},"modified":"2022-07-12T13:34:58","modified_gmt":"2022-07-12T13:34:58","slug":"entdecken-sie-workum","status":"publish","type":"page","link":"https:\/\/sailyachting.indigomedia.nl\/de\/entdecken-sie-workum\/","title":{"rendered":"Entdecken Sie Workum"},"content":{"rendered":"\t\t<div data-elementor-type=\"wp-page\" data-elementor-id=\"2582\" class=\"elementor elementor-2582 elementor-486\" data-elementor-post-type=\"page\">\n\t\t\t\t<div class=\"elementor-element elementor-element-90ed8d8 e-flex e-con-boxed e-con e-parent\" data-id=\"90ed8d8\" data-element_type=\"container\" data-e-type=\"container\">\n\t\t\t\t\t<div class=\"e-con-inner\">\n\t\t\t\t<div class=\"elementor-element elementor-element-423cd6d elementor-widget elementor-widget-text-editor\" data-id=\"423cd6d\" data-element_type=\"widget\" data-e-type=\"widget\" data-widget_type=\"text-editor.default\">\n\t\t\t\t<div class=\"elementor-widget-container\">\n\t\t\t\t\t\t\t\t\t<p>Die Heimatbasis von @Sail Yachting in Workum ist der ideale Ausgangspunkt f\u00fcr Ihren Segelurlaub.<\/p><p>Unsere Schiffe liegen direkt am Kanal, so dass Sie sofort nach dem Einsteigen die Segel setzen k\u00f6nnen.<\/p><p>Nur 5 Minuten vom <strong>Ijsselmeer<\/strong> und ebenfalls 5 Minuten von der Schleuse zu den <strong>friesischen Binnengew\u00e4ssern<\/strong> entfernt, brauchen Sie keine Zeit zu verlieren.<\/p><p>Au\u00dferdem sind es nur 7 Meilen bis zu den Schleusen von <strong>Kornwerderzand<\/strong>, was in der Praxis eine Fahrt von 1 bis 2 Stunden bedeutet. Dann sind Sie bereit f\u00fcr die \u00dcberfahrt zu einer der Watteninseln.<\/p><p>Es ist sogar m\u00f6glich, von unserer Basis aus mehrere <strong>waddeninseln<\/strong> an einem Wochenende zu besuchen und trotzdem rechtzeitig zur\u00fcck zu sein, um das Schiff zur\u00fcckzubringen.<\/p><p>Bei Ihrer R\u00fcckkehr k\u00f6nnen Sie das Schiff am Kai auftanken und wir k\u00f6nnen Ihnen helfen, in der Box festzumachen, wenn es viel Wind gibt.<\/p><p>Keine Lust zum Kochen? Das ist kein Problem. Am Ende der K Steg befindet sich das Hafenrestaurant.<\/p>\t\t\t\t\t\t\t\t<\/div>\n\t\t\t\t<\/div>\n\t\t<div class=\"elementor-element elementor-element-6915cda e-flex e-con-boxed e-con e-parent\" data-id=\"6915cda\" data-element_type=\"container\" data-e-type=\"container\">\n\t\t\t\t\t<div class=\"e-con-inner\">\n\t\t\t\t<div class=\"elementor-element elementor-element-5b2c070 elementor-arrows-position-inside elementor-pagination-position-outside elementor-widget elementor-widget-image-carousel\" data-id=\"5b2c070\" data-element_type=\"widget\" data-e-type=\"widget\" data-settings=\"{&quot;slides_to_show&quot;:&quot;1&quot;,&quot;navigation&quot;:&quot;both&quot;,&quot;autoplay&quot;:&quot;yes&quot;,&quot;pause_on_hover&quot;:&quot;yes&quot;,&quot;pause_on_interaction&quot;:&quot;yes&quot;,&quot;autoplay_speed&quot;:5000,&quot;infinite&quot;:&quot;yes&quot;,&quot;effect&quot;:&quot;slide&quot;,&quot;speed&quot;:500}\" data-widget_type=\"image-carousel.default\">\n\t\t\t\t<div class=\"elementor-widget-container\">\n\t\t\t\t\t\t\t<div class=\"elementor-image-carousel-wrapper swiper\" role=\"region\" aria-roledescription=\"carousel\" aria-label=\"Bild Karussell\" dir=\"ltr\">\n\t\t\t<div class=\"elementor-image-carousel swiper-wrapper swiper-image-stretch\" aria-live=\"off\">\n\t\t\t\t\t\t\t\t<div class=\"swiper-slide\" role=\"group\" aria-roledescription=\"slide\" aria-label=\"1 von 3\"><figure class=\"swiper-slide-inner\"><img decoding=\"async\" class=\"swiper-slide-image\" src=\"https:\/\/sailyachting.indigomedia.nl\/wp-content\/uploads\/2022\/04\/preprocessed-1500x1000.jpeg\" alt=\"preprocessed\" \/><\/figure><\/div><div class=\"swiper-slide\" role=\"group\" aria-roledescription=\"slide\" aria-label=\"2 von 3\"><figure class=\"swiper-slide-inner\"><img decoding=\"async\" class=\"swiper-slide-image\" src=\"https:\/\/sailyachting.indigomedia.nl\/wp-content\/uploads\/2022\/04\/preprocessed2-1500x1000.jpeg\" alt=\"preprocessed2\" \/><\/figure><\/div><div class=\"swiper-slide\" role=\"group\" aria-roledescription=\"slide\" aria-label=\"3 von 3\"><figure class=\"swiper-slide-inner\"><img decoding=\"async\" class=\"swiper-slide-image\" src=\"https:\/\/sailyachting.indigomedia.nl\/wp-content\/uploads\/2022\/04\/almar-setz-fotografie-camping-it-soal-3_3098618470.jpeg\" alt=\"almar-setz-fotografie-camping-it-soal-3_3098618470\" \/><\/figure><\/div>\t\t\t<\/div>\n\t\t\t\t\t\t\t\t\t\t\t\t<div class=\"elementor-swiper-button elementor-swiper-button-prev\" role=\"button\" tabindex=\"0\">\n\t\t\t\t\t\t<i aria-hidden=\"true\" class=\"eicon-chevron-left\"><\/i>\t\t\t\t\t<\/div>\n\t\t\t\t\t<div class=\"elementor-swiper-button elementor-swiper-button-next\" role=\"button\" tabindex=\"0\">\n\t\t\t\t\t\t<i aria-hidden=\"true\" class=\"eicon-chevron-right\"><\/i>\t\t\t\t\t<\/div>\n\t\t\t\t\n\t\t\t\t\t\t\t\t\t<div class=\"swiper-pagination\"><\/div>\n\t\t\t\t\t\t\t\t\t<\/div>\n\t\t\t\t\t\t<\/div>\n\t\t\t\t<\/div>\n\t\t\t\t\t<\/div>\n\t\t\t\t<\/div>\n\t\t\t\t\t<\/div>\n\t\t\t\t<\/div>\n\t\t\t\t<\/div>\n\t\t","protected":false},"excerpt":{"rendered":"<p>Die Heimatbasis von @Sail Yachting in Workum ist der ideale Ausgangspunkt f\u00fcr Ihren Segelurlaub. Unsere Schiffe liegen direkt am Kanal, so dass Sie sofort nach dem Einsteigen die Segel setzen k\u00f6nnen. Nur 5 Minuten vom Ijsselmeer und ebenfalls 5 Minuten von der Schleuse zu den friesischen Binnengew\u00e4ssern entfernt, brauchen Sie keine Zeit zu verlieren. Au\u00dferdem [&hellip;]<\/p>\n","protected":false},"author":1,"featured_media":1990,"parent":0,"menu_order":0,"comment_status":"closed","ping_status":"closed","template":"","meta":{"footnotes":""},"class_list":["post-2582","page","type-page","status-publish","has-post-thumbnail","hentry"],"_links":{"self":[{"href":"https:\/\/sailyachting.indigomedia.nl\/de\/wp-json\/wp\/v2\/pages\/2582","targetHints":{"allow":["GET"]}}],"collection":[{"href":"https:\/\/sailyachting.indigomedia.nl\/de\/wp-json\/wp\/v2\/pages"}],"about":[{"href":"https:\/\/sailyachting.indigomedia.nl\/de\/wp-json\/wp\/v2\/types\/page"}],"author":[{"embeddable":true,"href":"https:\/\/sailyachting.indigomedia.nl\/de\/wp-json\/wp\/v2\/users\/1"}],"replies":[{"embeddable":true,"href":"https:\/\/sailyachting.indigomedia.nl\/de\/wp-json\/wp\/v2\/comments?post=2582"}],"version-history":[{"count":0,"href":"https:\/\/sailyachting.indigomedia.nl\/de\/wp-json\/wp\/v2\/pages\/2582\/revisions"}],"wp:featuredmedia":[{"embeddable":true,"href":"https:\/\/sailyachting.indigomedia.nl\/de\/wp-json\/wp\/v2\/media\/1990"}],"wp:attachment":[{"href":"https:\/\/sailyachting.indigomedia.nl\/de\/wp-json\/wp\/v2\/media?parent=2582"}],"curies":[{"name":"wp","href":"https:\/\/api.w.org\/{rel}","templated":true}]}}