{"id":2598,"date":"2022-06-28T12:09:59","date_gmt":"2022-06-28T12:09:59","guid":{"rendered":"https:\/\/sailyachting.indigomedia.nl\/?page_id=2598"},"modified":"2022-06-28T12:22:16","modified_gmt":"2022-06-28T12:22:16","slug":"segeltraining","status":"publish","type":"page","link":"https:\/\/sailyachting.indigomedia.nl\/de\/segeltraining\/","title":{"rendered":"Segeltraining"},"content":{"rendered":"\t\t<div data-elementor-type=\"wp-page\" data-elementor-id=\"2598\" class=\"elementor elementor-2598\" data-elementor-post-type=\"page\">\n\t\t\t\t<div class=\"elementor-element elementor-element-73f5be1 e-flex e-con-boxed e-con e-parent\" data-id=\"73f5be1\" data-element_type=\"container\" data-e-type=\"container\">\n\t\t\t\t\t<div class=\"e-con-inner\">\n\t\t\t\t<div class=\"elementor-element elementor-element-20bb143 elementor-widget elementor-widget-text-editor\" data-id=\"20bb143\" data-element_type=\"widget\" data-e-type=\"widget\" data-widget_type=\"text-editor.default\">\n\t\t\t\t<div class=\"elementor-widget-container\">\n\t\t\t\t\t\t\t\t\t<p><span style=\"color: var( --e-global-color-text ); font-family: var( --e-global-typography-text-font-family ), Helvetica, Trebuchet, Sans-serif; font-size: var( --e-global-typography-text-font-size ); font-weight: var( --e-global-typography-text-font-weight );\">F\u00fcr eine Segelausbildung sind Sie bei<\/span> <strong style=\"color: var( --e-global-color-text ); font-family: var( --e-global-typography-text-font-family ), Helvetica, Trebuchet, Sans-serif; font-size: var( --e-global-typography-text-font-size );\">@Sail Yachting<\/strong> <span style=\"color: var( --e-global-color-text ); font-family: var( --e-global-typography-text-font-family ), Helvetica, Trebuchet, Sans-serif; font-size: var( --e-global-typography-text-font-size ); font-weight: var( --e-global-typography-text-font-weight );\">an der richtigen Adresse.<\/span><\/p><p>Wir bieten sowohl mehrt\u00e4gige Segelkurse als auch individuelle Segelkurse an.<\/p><p>Im Fr\u00fchjahr werden mehrt\u00e4gige Trainingskurse angeboten, bei denen Sie gemeinsam mit den anderen Teilnehmern das Segeln auf einem Kaj\u00fctboot erlernen (max. 4 Teilnehmer pro Schiff). Besondere Aufmerksamkeit wird dem Man\u00f6vrieren des Schiffes, dem An- und Ablegen in der Box und nat\u00fcrlich dem Segeln auf offenem Wasser gegeben.<\/p><p>Die einzelnen Segelkurse sollen Ihnen das Gef\u00fchl geben, dass Sie die Segel setzen k\u00f6nnen. Vor Ihrem Urlaub arbeiten wir einen ganzen oder halben Tag mit Ihnen, um Ihre Kenntnisse aufzufrischen. Nach dieser Ausbildung sind alle notwendigen Kenntnisse wieder vorhanden und Sie k\u00f6nnen mit dem gemieteten Schiff beruhigt losfahren..<\/p>\t\t\t\t\t\t\t\t<\/div>\n\t\t\t\t<\/div>\n\t\t<div class=\"elementor-element elementor-element-f09f203 e-flex e-con-boxed e-con e-parent\" data-id=\"f09f203\" data-element_type=\"container\" data-e-type=\"container\">\n\t\t\t\t\t<div class=\"e-con-inner\">\n\t\t\t\t<div class=\"elementor-element elementor-element-32a8f34 elementor-button-align-start elementor-widget elementor-widget-form\" data-id=\"32a8f34\" data-element_type=\"widget\" data-e-type=\"widget\" data-settings=\"{&quot;step_next_label&quot;:&quot;Next&quot;,&quot;step_previous_label&quot;:&quot;Previous&quot;,&quot;button_width&quot;:&quot;100&quot;,&quot;step_type&quot;:&quot;number_text&quot;,&quot;step_icon_shape&quot;:&quot;circle&quot;}\" data-widget_type=\"form.default\">\n\t\t\t\t<div class=\"elementor-widget-container\">\n\t\t\t\t\t\t\t<form class=\"elementor-form\" method=\"post\" name=\"Segelusbildung\" aria-label=\"Segelusbildung\">\n\t\t\t<input type=\"hidden\" name=\"post_id\" value=\"2598\"\/>\n\t\t\t<input type=\"hidden\" name=\"form_id\" value=\"32a8f34\"\/>\n\t\t\t<input type=\"hidden\" name=\"referer_title\" value=\"Segeltraining - Sail Yachting\" \/>\n\n\t\t\t\t\t\t\t<input type=\"hidden\" name=\"queried_id\" value=\"2598\"\/>\n\t\t\t\n\t\t\t<div class=\"elementor-form-fields-wrapper elementor-labels-above\">\n\t\t\t\t\t\t\t\t<div class=\"elementor-field-type-text elementor-field-group elementor-column elementor-field-group-name elementor-col-50 elementor-field-required elementor-mark-required\">\n\t\t\t\t\t\t\t\t\t\t\t\t<label for=\"form-field-name\" class=\"elementor-field-label\">\n\t\t\t\t\t\t\t\tName\t\t\t\t\t\t\t<\/label>\n\t\t\t\t\t\t\t\t\t\t\t\t\t\t<input size=\"1\" type=\"text\" name=\"form_fields[name]\" id=\"form-field-name\" class=\"elementor-field elementor-size-sm  elementor-field-textual\" placeholder=\"Bitte geben Sie hier Ihren Namen ein\" required=\"required\">\n\t\t\t\t\t\t\t\t\t\t\t<\/div>\n\t\t\t\t\t\t\t\t<div class=\"elementor-field-type-text elementor-field-group elementor-column elementor-field-group-field_b8c9642 elementor-col-50 elementor-field-required elementor-mark-required\">\n\t\t\t\t\t\t\t\t\t\t\t\t<label for=\"form-field-field_b8c9642\" class=\"elementor-field-label\">\n\t\t\t\t\t\t\t\tTelefon\t\t\t\t\t\t\t<\/label>\n\t\t\t\t\t\t\t\t\t\t\t\t\t\t<input size=\"1\" type=\"text\" name=\"form_fields[field_b8c9642]\" id=\"form-field-field_b8c9642\" class=\"elementor-field elementor-size-sm  elementor-field-textual\" placeholder=\"Bitte geben Sie Ihre Telefonnummer ein.\" required=\"required\">\n\t\t\t\t\t\t\t\t\t\t\t<\/div>\n\t\t\t\t\t\t\t\t<div class=\"elementor-field-type-email elementor-field-group elementor-column elementor-field-group-email elementor-col-100 elementor-field-required elementor-mark-required\">\n\t\t\t\t\t\t\t\t\t\t\t\t<label for=\"form-field-email\" class=\"elementor-field-label\">\n\t\t\t\t\t\t\t\tE-Mail-Addresse\t\t\t\t\t\t\t<\/label>\n\t\t\t\t\t\t\t\t\t\t\t\t\t\t<input size=\"1\" type=\"email\" name=\"form_fields[email]\" id=\"form-field-email\" class=\"elementor-field elementor-size-sm  elementor-field-textual\" placeholder=\"Bitte geben Sie hier Ihre E-Mail Adresse ein\" required=\"required\">\n\t\t\t\t\t\t\t\t\t\t\t<\/div>\n\t\t\t\t\t\t\t\t<div class=\"elementor-field-type-textarea elementor-field-group elementor-column elementor-field-group-message elementor-col-100\">\n\t\t\t\t\t\t\t\t\t\t\t\t<label for=\"form-field-message\" class=\"elementor-field-label\">\n\t\t\t\t\t\t\t\tFragen\t\t\t\t\t\t\t<\/label>\n\t\t\t\t\t\t<textarea class=\"elementor-field-textual elementor-field  elementor-size-sm\" name=\"form_fields[message]\" id=\"form-field-message\" rows=\"4\" placeholder=\"Hier k\u00f6nnen Sie alle Fragen eingeben.\"><\/textarea>\t\t\t\t<\/div>\n\t\t\t\t\t\t\t\t<div class=\"elementor-field-group elementor-column elementor-field-type-submit elementor-col-100 e-form__buttons\">\n\t\t\t\t\t<button class=\"elementor-button elementor-size-sm\" type=\"submit\">\n\t\t\t\t\t\t<span class=\"elementor-button-content-wrapper\">\n\t\t\t\t\t\t\t\t\t\t\t\t\t\t\t\t\t\t\t\t\t\t<span class=\"elementor-button-text\">Anfrage senden<\/span>\n\t\t\t\t\t\t\t\t\t\t\t\t\t<\/span>\n\t\t\t\t\t<\/button>\n\t\t\t\t<\/div>\n\t\t\t<\/div>\n\t\t<\/form>\n\t\t\t\t\t\t<\/div>\n\t\t\t\t<\/div>\n\t\t\t\t\t<\/div>\n\t\t\t\t<\/div>\n\t\t\t\t\t<\/div>\n\t\t\t\t<\/div>\n\t\t\t\t<\/div>\n\t\t","protected":false},"excerpt":{"rendered":"<p>F\u00fcr eine Segelausbildung sind Sie bei @Sail Yachting an der richtigen Adresse. Wir bieten sowohl mehrt\u00e4gige Segelkurse als auch individuelle Segelkurse an. Im Fr\u00fchjahr werden mehrt\u00e4gige Trainingskurse angeboten, bei denen Sie gemeinsam mit den anderen Teilnehmern das Segeln auf einem Kaj\u00fctboot erlernen (max. 4 Teilnehmer pro Schiff). Besondere Aufmerksamkeit wird dem Man\u00f6vrieren des Schiffes, dem [&hellip;]<\/p>\n","protected":false},"author":1,"featured_media":1912,"parent":0,"menu_order":0,"comment_status":"closed","ping_status":"closed","template":"","meta":{"footnotes":""},"class_list":["post-2598","page","type-page","status-publish","has-post-thumbnail","hentry"],"_links":{"self":[{"href":"https:\/\/sailyachting.indigomedia.nl\/de\/wp-json\/wp\/v2\/pages\/2598","targetHints":{"allow":["GET"]}}],"collection":[{"href":"https:\/\/sailyachting.indigomedia.nl\/de\/wp-json\/wp\/v2\/pages"}],"about":[{"href":"https:\/\/sailyachting.indigomedia.nl\/de\/wp-json\/wp\/v2\/types\/page"}],"author":[{"embeddable":true,"href":"https:\/\/sailyachting.indigomedia.nl\/de\/wp-json\/wp\/v2\/users\/1"}],"replies":[{"embeddable":true,"href":"https:\/\/sailyachting.indigomedia.nl\/de\/wp-json\/wp\/v2\/comments?post=2598"}],"version-history":[{"count":0,"href":"https:\/\/sailyachting.indigomedia.nl\/de\/wp-json\/wp\/v2\/pages\/2598\/revisions"}],"wp:featuredmedia":[{"embeddable":true,"href":"https:\/\/sailyachting.indigomedia.nl\/de\/wp-json\/wp\/v2\/media\/1912"}],"wp:attachment":[{"href":"https:\/\/sailyachting.indigomedia.nl\/de\/wp-json\/wp\/v2\/media?parent=2598"}],"curies":[{"name":"wp","href":"https:\/\/api.w.org\/{rel}","templated":true}]}}