{"id":2754,"date":"2022-05-11T12:11:09","date_gmt":"2022-05-11T12:11:09","guid":{"rendered":"https:\/\/sailyachting.indigomedia.nl\/reservieren\/"},"modified":"2022-07-13T07:04:04","modified_gmt":"2022-07-13T07:04:04","slug":"reservieren","status":"publish","type":"page","link":"https:\/\/sailyachting.indigomedia.nl\/de\/reservieren\/","title":{"rendered":"Segelboot buchen"},"content":{"rendered":"\t\t<div data-elementor-type=\"wp-page\" data-elementor-id=\"2754\" class=\"elementor elementor-2754 elementor-2135\" data-elementor-post-type=\"page\">\n\t\t\t\t<div data-dce-background-image-url=\"https:\/\/sailyachting.indigomedia.nl\/staging\/wp-content\/uploads\/2022\/02\/IMG_9478-scaled-e1643734580628.jpg\" class=\"elementor-element elementor-element-acf5b50 e-flex e-con-boxed e-con e-parent\" data-id=\"acf5b50\" data-element_type=\"container\" data-e-type=\"container\" data-settings=\"{&quot;background_background&quot;:&quot;classic&quot;}\">\n\t\t\t\t\t<div class=\"e-con-inner\">\n\t\t\t\t<div class=\"elementor-element elementor-element-704acf8 elementor-widget elementor-widget-heading\" data-id=\"704acf8\" data-element_type=\"widget\" data-e-type=\"widget\" data-widget_type=\"heading.default\">\n\t\t\t\t<div class=\"elementor-widget-container\">\n\t\t\t\t\t<h2 class=\"elementor-heading-title elementor-size-default\">Zeilboot reserveren<\/h2>\t\t\t\t<\/div>\n\t\t\t\t<\/div>\n\t\t\t\t<div class=\"elementor-element elementor-element-d8fe862 elementor-widget elementor-widget-text-editor\" data-id=\"d8fe862\" data-element_type=\"widget\" data-e-type=\"widget\" data-widget_type=\"text-editor.default\">\n\t\t\t\t<div class=\"elementor-widget-container\">\n\t\t\t\t\t\t\t\t\t<p>Op deze pagina kunt u een zeilboot reserveren. <a href=\"https:\/\/sailyachting.indigomedia.nl\/staging\/hulp-bij-het-boeken\/\" target=\"_blank\" rel=\"noopener\">Hulp nodig?<\/a><\/p>\t\t\t\t\t\t\t\t<\/div>\n\t\t\t\t<\/div>\n\t\t\t\t\t<\/div>\n\t\t\t\t<\/div>\n\t\t<section class=\"elementor-element elementor-element-a78fb0c e-flex e-con-boxed e-con e-parent\" data-id=\"a78fb0c\" data-element_type=\"container\" data-e-type=\"container\">\n\t\t\t\t\t<div class=\"e-con-inner\">\n\t\t\t\t<div class=\"elementor-element elementor-element-8d5c093 elementor-widget-mobile__width-inherit elementor-widget elementor-widget-shortcode\" data-id=\"8d5c093\" data-element_type=\"widget\" data-e-type=\"widget\" data-widget_type=\"shortcode.default\">\n\t\t\t\t<div class=\"elementor-widget-container\">\n\t\t\t\t\t\n\t<div id=\"TommyBookingSupport\"\n\t\tdata-widget=\"boeken\"\n\t\tdata-apikey=\"c344fdf40e328b7856fdbd48d0681979b5411287856b9926c41d6ddfe5765374\"\n\t\tdata-account=\"Sailyachting\"\n\t\tdata-language=\"nl\"\n\t\tdata-country=\"nl\"\n\t\tdata-accommodatiegroep=\"5071\"\n\t\tdata-verkoopkanaal=\"11800\"\n\t\tdata-scroll=\"false\"\n\t\tdata-ideal=\"true\">\n\t\tdata-url-success=\"https:\/\/sailyachting.indigomedia.nl\/reserveren\/succes\/\"\n\t\tdata-url-privacy=\"https:\/\/sailyachting.indigomedia.nl\/privacy-policy\/\"\n\t<\/div>\n\t<script async src=\"https:\/\/api.tommybookingsupport.com\/widgets\/js\/widget.js\"\n        type=\"application\/javascript\" language=\"javascript\"><\/script>\t\t<div class=\"elementor-shortcode\"><\/div>\n\t\t\t\t\t\t<\/div>\n\t\t\t\t<\/div>\n\t\t\t\t<div class=\"elementor-element elementor-element-93e5146 elementor-widget-mobile__width-inherit elementor-widget elementor-widget-shortcode\" data-id=\"93e5146\" data-element_type=\"widget\" data-e-type=\"widget\" data-widget_type=\"shortcode.default\">\n\t\t\t\t<div class=\"elementor-widget-container\">\n\t\t\t\t\t\t\t<div class=\"elementor-shortcode\"><script>\r\nvar dictionary = {\r\n\r\n    \/* navigatie *\/\r\n    '__verblijf__': {\r\n        nl: 'Duur zeilreis',\r\n        gb: 'Trip duration',\r\n        de: 'Dauer Segelt\u00f6rn',\r\n    },\r\n    '__locatie__': {\r\n        nl: 'Boot',\r\n        gb: 'Yacht',\r\n        de: 'Schiff',\r\n    },\r\n    '__Locatie en voorkeur__': {\r\n        nl: 'Boot en voorkeur',\r\n        gb: 'Yacht and preference',\r\n        de: 'Schiff und Pr\u00e4ferenz',\r\n    },\r\n\r\n\r\n    \/* VERBLIJF \/ HOME *\/\r\n    '__persoonscategorie__': {\r\n        nl: 'Hoeveel bemanningsleden gaan er mee?',\r\n        gb: 'How many crewmembers will sail with you?',\r\n        de: 'Wer geh\u00f6rt zu Ihrer Crew?',\r\n    },\r\n    '__accommodatie__': {\r\n        nl: 'Welke schip wilt u huren?',\r\n        gb: 'Which yacht would you like to charter?',\r\n        de: 'Welche schiff m&ouml;chten Sie buchen?',\r\n    },\r\n    '__aankomstvertrekdag__': {\r\n        nl: 'Aankomst-\/vertrekdag',\r\n        gb: 'Arrival\/Departure day',\r\n        de: 'Tag der Ankunft\/Abreise',\r\n    },\r\n    '__aankomstdag__': {\r\n        nl: 'Start van de reis',\r\n        gb: 'Departure from port',\r\n        de: 'Tag der Ankunft',\r\n    },\r\n    '__vertrekdag__': {\r\n        nl: 'Alleen inleverdag',\r\n        gb: 'Return to port only',\r\n        de: 'Tag der Abreise',\r\n    },\r\n    '__geen voorkeurslocatie opgegeven__': {\r\n        nl: 'Geen voorkeur voor een boot',\r\n        gb: 'No preference for a specific yacht',\r\n        de: 'Keine Pr&auml;ferenz f&uuml;r einen schiff',\r\n    },\r\n    \/* gasten *\/\r\n    '__medegast__': {\r\n        nl: 'Bemanningslid',\r\n        gb: 'Crewmember',\r\n        de: 'G&auml;ste',\r\n    },\r\n    '__medegasten__': {\r\n        nl: 'Bemanning',\r\n        gb: 'Crew',\r\n        de: 'Andere G&auml;ste',\r\n    },\r\n    '__gast__': {\r\n        nl: 'bemanningslid',\r\n        gb: 'crewmember',\r\n        de: 'Andere G&auml;ste',\r\n    },\r\n    '__gasten__': {\r\n        nl: 'opvarenden',\r\n        gb: 'other crewmembers',\r\n        de: 'Andere G&auml;ste',\r\n    },\r\n    '__gezelschap__': {\r\n        nl: 'Bemanning',\r\n        gb: 'Crew',\r\n        de: 'Besatzung',\r\n    },\r\n    '__verblijfsduur__': {\r\n        nl: 'Reisduur',\r\n        gb: 'Duration',\r\n        de: 'Aufenthaltsdauer',\r\n    },\r\n    '__aankomst__': {\r\n        nl: 'Aankomst aan boord',\r\n        gb: 'Arrival aboard',\r\n        de: 'Ankunft an Bord',\r\n    },\r\n    '__vertrek__': {\r\n        nl: 'Vertrek van boord',\r\n        gb: 'Return to port',\r\n        de: 'Abfahrt von Bord',\r\n    },\r\n    '__specificatie verblijf__': {\r\n        nl: 'Specificatie van de kosten',\r\n        gb: 'Price specification',\r\n        de: 'Preisspezifikation',\r\n    },\r\n    '__verblijfskosten__': {\r\n        nl: 'Huurkosten',\r\n        gb: 'Charter fee',\r\n        de: 'Mietkosten',\r\n    },\r\n    '__nieuwsbrief__': {\r\n        nl: 'Aanmelden voor onze nieuwsbrief met vroegboek aanbiedingen',\r\n        gb: 'Signup for our newsletter with earlybird discounts',\r\n        de: 'Melden Sie sich f\u00fcr unseren Newsletter mit Fr\u00fchbucherangeboten an',\r\n    },\r\n    '__bedankt_tekst__': {\r\n        nl: 'U ontvangt een (aanvraag)bevestiging van uw reservering in uw mailbox.',\r\n        gb: 'You will receive your reservartion by email.',\r\n        de: 'Vielen Dank f&uuml;r Ihre Reservierungsanfrage. Wir haben Sie Ihre Anfrage eine E-Mail Best&auml;tigung geschickt.',\r\n    },\r\n    '__verblijf_verplicht__': {\r\n        nl: 'U dient minimaal het aantal bemanningsleden, de boot en een begin en einddatum te selecteren.',\r\n        gb: 'Please provide a total crew amount, a boat and the start and end date of your visit.',\r\n        de: 'Sie m\u00fcssen mindestens die Anzahl der Crew, das Boot und ein Start- und Enddatum ausw\u00e4hlen.',\r\n    },\r\n    '__Geselecteerde periode is niet beschikbaar__': {\r\n        nl: 'De geselecteerde periode is helaas niet <strong>aaneengesloten<\/strong> boekbaar. Neem contact op met @Sail Yachting voor eventueel andere mogelijkheden.',\r\n        gb: 'Selected period is not available online. Please contact @Sail Yachting for the possibilities',\r\n        de: 'Der ausgew\u00e4hlte Zeitraum ist nicht verf\u00fcgbar online. Kontaktieren Sie @Sail Yachting f\u00fcr die M\u00f6glichkeiten.',\r\n    },\r\n    '__geen_accommodaties_gevonden__': {\r\n        nl: 'Geen schepen beschikbaar bij geselecteerde aantal bemanningsleden',\r\n        gb: 'No boat available with selected crew amount.',\r\n        de: 'Keine schiff verf&uuml;gbar mit ausgew&auml;hlten Stipendien',\r\n    },\r\n    '__locatie_voorkeursvraag__': {\r\n        nl: 'Ja, ik wil graag mijn eigen boot uitzoeken',\r\n        gb: 'Yes, I would like to choose my own yacht',\r\n        de: 'Ja, ich m&ouml;chte meine schiff bevorzugt buchen'\r\n    }\r\n}\r\n<\/script><\/div>\n\t\t\t\t\t\t<\/div>\n\t\t\t\t<\/div>\n\t\t\t\t<div class=\"elementor-element elementor-element-5812169 elementor-widget elementor-widget-template\" data-id=\"5812169\" data-element_type=\"widget\" data-e-type=\"widget\" data-widget_type=\"template.default\">\n\t\t\t\t<div class=\"elementor-widget-container\">\n\t\t\t\t\t\t\t<div class=\"elementor-template\">\n\t\t\t\t\t<div data-elementor-type=\"section\" data-elementor-id=\"3043\" class=\"elementor elementor-3043 elementor-1008\" data-elementor-post-type=\"elementor_library\">\n\t\t\t<div class=\"elementor-element elementor-element-67e3ce8 e-con-full e-flex e-con e-parent\" data-id=\"67e3ce8\" data-element_type=\"container\" data-e-type=\"container\">\n\t\t<div class=\"elementor-element elementor-element-1f87af9 e-con-full e-flex e-con e-parent\" data-id=\"1f87af9\" data-element_type=\"container\" data-e-type=\"container\">\n\t\t\t\t<div class=\"elementor-element elementor-element-38da528 elementor-widget elementor-widget-heading\" data-id=\"38da528\" data-element_type=\"widget\" data-e-type=\"widget\" data-widget_type=\"heading.default\">\n\t\t\t\t<div class=\"elementor-widget-container\">\n\t\t\t\t\t<h2 class=\"elementor-heading-title elementor-size-default\">Legende zum Buchungskalender<\/h2>\t\t\t\t<\/div>\n\t\t\t\t<\/div>\n\t\t<div class=\"elementor-element elementor-element-22192c4 e-con-full e-flex e-con e-parent\" data-id=\"22192c4\" data-element_type=\"container\" data-e-type=\"container\">\n\t\t\t\t<div class=\"elementor-element elementor-element-9e88499 elementor-widget elementor-widget-text-editor\" data-id=\"9e88499\" data-element_type=\"widget\" data-e-type=\"widget\" data-widget_type=\"text-editor.default\">\n\t\t\t\t<div class=\"elementor-widget-container\">\n\t\t\t\t\t\t\t\t\t<p>26<\/p>\t\t\t\t\t\t\t\t<\/div>\n\t\t\t\t<\/div>\n\t\t\t\t<div class=\"elementor-element elementor-element-da0feec elementor-widget__width-auto elementor-widget elementor-widget-heading\" data-id=\"da0feec\" data-element_type=\"widget\" data-e-type=\"widget\" data-widget_type=\"heading.default\">\n\t\t\t\t<div class=\"elementor-widget-container\">\n\t\t\t\t\t<span class=\"elementor-heading-title elementor-size-default\">Termin frei, Startfahrt m\u00f6glich<\/span>\t\t\t\t<\/div>\n\t\t\t\t<\/div>\n\t\t\t\t<\/div>\n\t\t<div class=\"elementor-element elementor-element-6084236 e-con-full e-flex e-con e-parent\" data-id=\"6084236\" data-element_type=\"container\" data-e-type=\"container\">\n\t\t\t\t<div class=\"elementor-element elementor-element-105433c elementor-widget elementor-widget-text-editor\" data-id=\"105433c\" data-element_type=\"widget\" data-e-type=\"widget\" data-widget_type=\"text-editor.default\">\n\t\t\t\t<div class=\"elementor-widget-container\">\n\t\t\t\t\t\t\t\t\t<p>05<\/p>\t\t\t\t\t\t\t\t<\/div>\n\t\t\t\t<\/div>\n\t\t\t\t<div class=\"elementor-element elementor-element-24695aa elementor-widget__width-auto elementor-widget elementor-widget-heading\" data-id=\"24695aa\" data-element_type=\"widget\" data-e-type=\"widget\" data-widget_type=\"heading.default\">\n\t\t\t\t<div class=\"elementor-widget-container\">\n\t\t\t\t\t<span class=\"elementor-heading-title elementor-size-default\">Reisebeginn m\u00f6glich<\/span>\t\t\t\t<\/div>\n\t\t\t\t<\/div>\n\t\t\t\t<\/div>\n\t\t<div class=\"elementor-element elementor-element-0353ba2 e-con-full e-flex e-con e-parent\" data-id=\"0353ba2\" data-element_type=\"container\" data-e-type=\"container\">\n\t\t\t\t<div class=\"elementor-element elementor-element-4bd654f elementor-widget elementor-widget-text-editor\" data-id=\"4bd654f\" data-element_type=\"widget\" data-e-type=\"widget\" data-widget_type=\"text-editor.default\">\n\t\t\t\t<div class=\"elementor-widget-container\">\n\t\t\t\t\t\t\t\t\t<p>05<\/p>\t\t\t\t\t\t\t\t<\/div>\n\t\t\t\t<\/div>\n\t\t\t\t<div class=\"elementor-element elementor-element-4ab4fe0 elementor-widget__width-auto elementor-widget elementor-widget-heading\" data-id=\"4ab4fe0\" data-element_type=\"widget\" data-e-type=\"widget\" data-widget_type=\"heading.default\">\n\t\t\t\t<div class=\"elementor-widget-container\">\n\t\t\t\t\t<span class=\"elementor-heading-title elementor-size-default\">Datum nicht verf\u00fcgbar<\/span>\t\t\t\t<\/div>\n\t\t\t\t<\/div>\n\t\t\t\t<\/div>\n\t\t<div class=\"elementor-element elementor-element-ac68da0 e-con-full e-flex e-con e-parent\" data-id=\"ac68da0\" data-element_type=\"container\" data-e-type=\"container\">\n\t\t\t\t<div class=\"elementor-element elementor-element-146abeb elementor-widget elementor-widget-text-editor\" data-id=\"146abeb\" data-element_type=\"widget\" data-e-type=\"widget\" data-widget_type=\"text-editor.default\">\n\t\t\t\t<div class=\"elementor-widget-container\">\n\t\t\t\t\t\t\t\t\t<p>09<\/p>\t\t\t\t\t\t\t\t<\/div>\n\t\t\t\t<\/div>\n\t\t\t\t<div class=\"elementor-element elementor-element-defef2c elementor-widget__width-auto elementor-widget elementor-widget-heading\" data-id=\"defef2c\" data-element_type=\"widget\" data-e-type=\"widget\" data-widget_type=\"heading.default\">\n\t\t\t\t<div class=\"elementor-widget-container\">\n\t\t\t\t\t<span class=\"elementor-heading-title elementor-size-default\">R\u00fcckkehr m\u00f6glich, Nachmittag belegt<\/span>\t\t\t\t<\/div>\n\t\t\t\t<\/div>\n\t\t\t\t<\/div>\n\t\t\t\t<\/div>\n\t\t\t\t<\/div>\n\t\t\t\t<\/div>\n\t\t\t\t<\/div>\n\t\t\t\t\t\t<\/div>\n\t\t\t\t<\/div>\n\t\t\t\t\t<\/div>\n\t\t\t\t<\/section>\n\t\t\t\t<\/div>\n\t\t","protected":false},"excerpt":{"rendered":"<p>Zeilboot reserveren Op deze pagina kunt u een zeilboot reserveren. Hulp nodig?<\/p>\n","protected":false},"author":1,"featured_media":1985,"parent":0,"menu_order":0,"comment_status":"closed","ping_status":"closed","template":"elementor_header_footer","meta":{"footnotes":""},"class_list":["post-2754","page","type-page","status-publish","has-post-thumbnail","hentry"],"_links":{"self":[{"href":"https:\/\/sailyachting.indigomedia.nl\/de\/wp-json\/wp\/v2\/pages\/2754","targetHints":{"allow":["GET"]}}],"collection":[{"href":"https:\/\/sailyachting.indigomedia.nl\/de\/wp-json\/wp\/v2\/pages"}],"about":[{"href":"https:\/\/sailyachting.indigomedia.nl\/de\/wp-json\/wp\/v2\/types\/page"}],"author":[{"embeddable":true,"href":"https:\/\/sailyachting.indigomedia.nl\/de\/wp-json\/wp\/v2\/users\/1"}],"replies":[{"embeddable":true,"href":"https:\/\/sailyachting.indigomedia.nl\/de\/wp-json\/wp\/v2\/comments?post=2754"}],"version-history":[{"count":0,"href":"https:\/\/sailyachting.indigomedia.nl\/de\/wp-json\/wp\/v2\/pages\/2754\/revisions"}],"wp:featuredmedia":[{"embeddable":true,"href":"https:\/\/sailyachting.indigomedia.nl\/de\/wp-json\/wp\/v2\/media\/1985"}],"wp:attachment":[{"href":"https:\/\/sailyachting.indigomedia.nl\/de\/wp-json\/wp\/v2\/media?parent=2754"}],"curies":[{"name":"wp","href":"https:\/\/api.w.org\/{rel}","templated":true}]}}