{"id":2809,"date":"2022-06-29T09:09:01","date_gmt":"2022-06-29T09:09:01","guid":{"rendered":"https:\/\/sailyachting.indigomedia.nl\/?page_id=2809"},"modified":"2022-06-29T09:43:12","modified_gmt":"2022-06-29T09:43:12","slug":"angebot-anfordern","status":"publish","type":"page","link":"https:\/\/sailyachting.indigomedia.nl\/de\/angebot-anfordern\/","title":{"rendered":"Angebot anfordern"},"content":{"rendered":"\t\t<div data-elementor-type=\"wp-page\" data-elementor-id=\"2809\" class=\"elementor elementor-2809\" data-elementor-post-type=\"page\">\n\t\t\t\t<div class=\"elementor-element elementor-element-8cb60c2 e-flex e-con-boxed e-con e-parent\" data-id=\"8cb60c2\" data-element_type=\"container\" data-e-type=\"container\">\n\t\t\t\t\t<div class=\"e-con-inner\">\n\t\t\t\t<div class=\"elementor-element elementor-element-309e53d elementor-widget elementor-widget-text-editor\" data-id=\"309e53d\" data-element_type=\"widget\" data-e-type=\"widget\" data-widget_type=\"text-editor.default\">\n\t\t\t\t<div class=\"elementor-widget-container\">\n\t\t\t\t\t\t\t\t\t<p><span style=\"color: var( --e-global-color-text ); font-family: var( --e-global-typography-text-font-family ), Helvetica, Trebuchet, Sans-serif; font-size: var( --e-global-typography-text-font-size ); font-weight: var( --e-global-typography-text-font-weight );\">Wenn Sie spezielle Anforderungen haben oder mehrere Schiffe auf einmal mieten m\u00f6chten, k\u00f6nnen Sie uns auch um ein Angebot bitten. Wir besprechen mit Ihnen Ihre genauen W\u00fcnsche und erstellen dann ein ma\u00dfgeschneidertes Angebot f\u00fcr Sie.<\/span><\/p><p>Wir haben unter anderem viele Segelvereine als Kunden, die wir bei ihren spezifischen Anforderungen unterst\u00fctzen. <span style=\"color: var( --e-global-color-text ); font-family: var( --e-global-typography-text-font-family ), Helvetica, Trebuchet, Sans-serif; font-size: var( --e-global-typography-text-font-size ); font-weight: var( --e-global-typography-text-font-weight );\">Wir k\u00f6nnen Ihnen auch ein attraktives Angebot f\u00fcr eine Mietdauer von mehr als 3 Wochen machen.<\/span><\/p><p><span style=\"color: var( --e-global-color-text ); font-family: var( --e-global-typography-text-font-family ), Helvetica, Trebuchet, Sans-serif; font-size: var( --e-global-typography-text-font-size );\"><b>Ben\u00f6tigen Sie ein individuelles Angebot? Dann geben Sie bitte unten Ihre Daten ein!<\/b><\/span><\/p>\t\t\t\t\t\t\t\t<\/div>\n\t\t\t\t<\/div>\n\t\t\t\t<div class=\"elementor-element elementor-element-8381109 elementor-button-align-start elementor-widget elementor-widget-form\" data-id=\"8381109\" data-element_type=\"widget\" data-e-type=\"widget\" data-settings=\"{&quot;step_next_label&quot;:&quot;Next&quot;,&quot;step_previous_label&quot;:&quot;Previous&quot;,&quot;button_width&quot;:&quot;100&quot;,&quot;step_type&quot;:&quot;number_text&quot;,&quot;step_icon_shape&quot;:&quot;circle&quot;}\" data-widget_type=\"form.default\">\n\t\t\t\t<div class=\"elementor-widget-container\">\n\t\t\t\t\t\t\t<form class=\"elementor-form\" method=\"post\" name=\"Segeltraining\" aria-label=\"Segeltraining\">\n\t\t\t<input type=\"hidden\" name=\"post_id\" value=\"2809\"\/>\n\t\t\t<input type=\"hidden\" name=\"form_id\" value=\"8381109\"\/>\n\t\t\t<input type=\"hidden\" name=\"referer_title\" value=\"Angebot anfordern - Sail Yachting\" \/>\n\n\t\t\t\t\t\t\t<input type=\"hidden\" name=\"queried_id\" value=\"2809\"\/>\n\t\t\t\n\t\t\t<div class=\"elementor-form-fields-wrapper elementor-labels-above\">\n\t\t\t\t\t\t\t\t<div class=\"elementor-field-type-text elementor-field-group elementor-column elementor-field-group-name elementor-col-50\">\n\t\t\t\t\t\t\t\t\t\t\t\t<label for=\"form-field-name\" class=\"elementor-field-label\">\n\t\t\t\t\t\t\t\tName\t\t\t\t\t\t\t<\/label>\n\t\t\t\t\t\t\t\t\t\t\t\t\t\t<input size=\"1\" type=\"text\" name=\"form_fields[name]\" id=\"form-field-name\" class=\"elementor-field elementor-size-sm  elementor-field-textual\" placeholder=\"Bitte geben Sie hier Ihren Namen ein\">\n\t\t\t\t\t\t\t\t\t\t\t<\/div>\n\t\t\t\t\t\t\t\t<div class=\"elementor-field-type-text elementor-field-group elementor-column elementor-field-group-field_d271d23 elementor-col-50 elementor-field-required\">\n\t\t\t\t\t\t\t\t\t\t\t\t<label for=\"form-field-field_d271d23\" class=\"elementor-field-label\">\n\t\t\t\t\t\t\t\tTelefon\t\t\t\t\t\t\t<\/label>\n\t\t\t\t\t\t\t\t\t\t\t\t\t\t<input size=\"1\" type=\"text\" name=\"form_fields[field_d271d23]\" id=\"form-field-field_d271d23\" class=\"elementor-field elementor-size-sm  elementor-field-textual\" placeholder=\"Bitte geben Sie Ihre Telefonnummer ein.\" required=\"required\">\n\t\t\t\t\t\t\t\t\t\t\t<\/div>\n\t\t\t\t\t\t\t\t<div class=\"elementor-field-type-email elementor-field-group elementor-column elementor-field-group-field_1375872 elementor-col-60 elementor-field-required\">\n\t\t\t\t\t\t\t\t\t\t\t\t<label for=\"form-field-field_1375872\" class=\"elementor-field-label\">\n\t\t\t\t\t\t\t\tE-Mail-Addresse\t\t\t\t\t\t\t<\/label>\n\t\t\t\t\t\t\t\t\t\t\t\t\t\t<input size=\"1\" type=\"email\" name=\"form_fields[field_1375872]\" id=\"form-field-field_1375872\" class=\"elementor-field elementor-size-sm  elementor-field-textual\" placeholder=\"Bitte geben Sie hier Ihre E-Mail Adresse ein\" required=\"required\">\n\t\t\t\t\t\t\t\t\t\t\t<\/div>\n\t\t\t\t\t\t\t\t<div class=\"elementor-field-type-date elementor-field-group elementor-column elementor-field-group-field_0924656 elementor-col-40 elementor-field-required\">\n\t\t\t\t\t\t\t\t\t\t\t\t<label for=\"form-field-field_0924656\" class=\"elementor-field-label\">\n\t\t\t\t\t\t\t\tGeplantes Datum der Abreise\t\t\t\t\t\t\t<\/label>\n\t\t\t\t\t\t\n\t\t<input type=\"date\" name=\"form_fields[field_0924656]\" id=\"form-field-field_0924656\" class=\"elementor-field elementor-size-sm  elementor-field-textual elementor-date-field\" placeholder=\"W\u00e4hlen Sie ein Datum\" required=\"required\" pattern=\"[0-9]{4}-[0-9]{2}-[0-9]{2}\">\n\t\t\t\t\t\t<\/div>\n\t\t\t\t\t\t\t\t<div class=\"elementor-field-type-number elementor-field-group elementor-column elementor-field-group-message elementor-col-50\">\n\t\t\t\t\t\t\t\t\t\t\t\t<label for=\"form-field-message\" class=\"elementor-field-label\">\n\t\t\t\t\t\t\t\tAnzahl der Tage\t\t\t\t\t\t\t<\/label>\n\t\t\t\t\t\t\t\t\t<input type=\"number\" name=\"form_fields[message]\" id=\"form-field-message\" class=\"elementor-field elementor-size-sm  elementor-field-textual\" placeholder=\"Anzahl der Tage eingeben\" min=\"\" max=\"\" >\n\t\t\t\t\t\t<\/div>\n\t\t\t\t\t\t\t\t<div class=\"elementor-field-type-number elementor-field-group elementor-column elementor-field-group-field_f842fad elementor-col-50\">\n\t\t\t\t\t\t\t\t\t\t\t\t<label for=\"form-field-field_f842fad\" class=\"elementor-field-label\">\n\t\t\t\t\t\t\t\tAnzahl der Personen an Bord\t\t\t\t\t\t\t<\/label>\n\t\t\t\t\t\t\t\t\t<input type=\"number\" name=\"form_fields[field_f842fad]\" id=\"form-field-field_f842fad\" class=\"elementor-field elementor-size-sm  elementor-field-textual\" placeholder=\"Anzahl der Crewmitglieder ausf\u00fcllen\" min=\"\" max=\"\" >\n\t\t\t\t\t\t<\/div>\n\t\t\t\t\t\t\t\t<div class=\"elementor-field-type-textarea elementor-field-group elementor-column elementor-field-group-field_412d537 elementor-col-100\">\n\t\t\t\t\t\t\t\t\t\t\t\t<label for=\"form-field-field_412d537\" class=\"elementor-field-label\">\n\t\t\t\t\t\t\t\tZus\u00e4tzliche Informationen\t\t\t\t\t\t\t<\/label>\n\t\t\t\t\t\t<textarea class=\"elementor-field-textual elementor-field  elementor-size-sm\" name=\"form_fields[field_412d537]\" id=\"form-field-field_412d537\" rows=\"4\" placeholder=\"F\u00fcgen Sie hier weitere Informationen hinzu.\"><\/textarea>\t\t\t\t<\/div>\n\t\t\t\t\t\t\t\t<div class=\"elementor-field-group elementor-column elementor-field-type-submit elementor-col-100 e-form__buttons\">\n\t\t\t\t\t<button class=\"elementor-button elementor-size-sm\" type=\"submit\">\n\t\t\t\t\t\t<span class=\"elementor-button-content-wrapper\">\n\t\t\t\t\t\t\t\t\t\t\t\t\t\t\t\t\t\t\t\t\t\t<span class=\"elementor-button-text\">Anfrage senden<\/span>\n\t\t\t\t\t\t\t\t\t\t\t\t\t<\/span>\n\t\t\t\t\t<\/button>\n\t\t\t\t<\/div>\n\t\t\t<\/div>\n\t\t<\/form>\n\t\t\t\t\t\t<\/div>\n\t\t\t\t<\/div>\n\t\t\t\t<div data-dce-text-color=\"#222222\" class=\"elementor-element elementor-element-919d02e elementor-widget elementor-widget-text-editor\" data-id=\"919d02e\" data-element_type=\"widget\" data-e-type=\"widget\" data-widget_type=\"text-editor.default\">\n\t\t\t\t<div class=\"elementor-widget-container\">\n\t\t\t\t\t\t\t\t\t<p>Das Ausf\u00fcllen dieses Angebotsformulars ist mit keinerlei Verpflichtungen verbunden.<\/p>\t\t\t\t\t\t\t\t<\/div>\n\t\t\t\t<\/div>\n\t\t\t\t\t<\/div>\n\t\t\t\t<\/div>\n\t\t\t\t<\/div>\n\t\t","protected":false},"excerpt":{"rendered":"<p>Wenn Sie spezielle Anforderungen haben oder mehrere Schiffe auf einmal mieten m\u00f6chten, k\u00f6nnen Sie uns auch um ein Angebot bitten. Wir besprechen mit Ihnen Ihre genauen W\u00fcnsche und erstellen dann ein ma\u00dfgeschneidertes Angebot f\u00fcr Sie. Wir haben unter anderem viele Segelvereine als Kunden, die wir bei ihren spezifischen Anforderungen unterst\u00fctzen. Wir k\u00f6nnen Ihnen auch ein [&hellip;]<\/p>\n","protected":false},"author":1,"featured_media":0,"parent":0,"menu_order":0,"comment_status":"closed","ping_status":"closed","template":"","meta":{"footnotes":""},"class_list":["post-2809","page","type-page","status-publish","hentry"],"_links":{"self":[{"href":"https:\/\/sailyachting.indigomedia.nl\/de\/wp-json\/wp\/v2\/pages\/2809","targetHints":{"allow":["GET"]}}],"collection":[{"href":"https:\/\/sailyachting.indigomedia.nl\/de\/wp-json\/wp\/v2\/pages"}],"about":[{"href":"https:\/\/sailyachting.indigomedia.nl\/de\/wp-json\/wp\/v2\/types\/page"}],"author":[{"embeddable":true,"href":"https:\/\/sailyachting.indigomedia.nl\/de\/wp-json\/wp\/v2\/users\/1"}],"replies":[{"embeddable":true,"href":"https:\/\/sailyachting.indigomedia.nl\/de\/wp-json\/wp\/v2\/comments?post=2809"}],"version-history":[{"count":0,"href":"https:\/\/sailyachting.indigomedia.nl\/de\/wp-json\/wp\/v2\/pages\/2809\/revisions"}],"wp:attachment":[{"href":"https:\/\/sailyachting.indigomedia.nl\/de\/wp-json\/wp\/v2\/media?parent=2809"}],"curies":[{"name":"wp","href":"https:\/\/api.w.org\/{rel}","templated":true}]}}