{"id":3095,"date":"2021-11-09T14:05:30","date_gmt":"2021-11-09T14:05:30","guid":{"rendered":"https:\/\/sailyachting.indigomedia.nl\/wie-es-funktioniert\/"},"modified":"2022-07-12T13:19:20","modified_gmt":"2022-07-12T13:19:20","slug":"wie-es-funktioniert","status":"publish","type":"page","link":"https:\/\/sailyachting.indigomedia.nl\/de\/wie-es-funktioniert\/","title":{"rendered":"Wie funktioniert es"},"content":{"rendered":"<p>Ein Boot bei uns mieten ist sehr einfach.<\/p>\n<p>Sie k\u00f6nnen auf unserer Website ein Schiff Ihrer Wahl ausw\u00e4hlen. Ob Sie ein Schiff gemeinsam oder mit einer Gruppe von bis zu 8 Personen mieten m\u00f6chten. Wir haben f\u00fcr jede Zusammensetzung der Flotte ein passendes Schiff.<\/p>\n<p>&nbsp;<\/p>\n<p>Wenn Sie &#8220;Ihr&#8221; Schiff gefunden haben, k\u00f6nnen Sie es direkt buchen, indem Sie die Buchungsschritte durchlaufen.<\/p>\n<p>Wenn Sie Fragen haben, beantworten wir sie gerne per Telefon, E-Mail oder sogar Whatsapp.<\/p>\n<p>Nach der Buchung senden wir Ihnen den Mietvertrag zu, den Sie bitte unterschrieben zur\u00fccksenden oder per E-Mail an uns schicken. Ihre Buchung ist nun definitiv.<\/p>\n<p>&nbsp;<\/p>\n<p>Einige Wochen vor der Abreise senden wir Ihnen zus\u00e4tzliche Informationen \u00fcber das Schiff, was an Bord ist und was Sie selbst mitnehmen k\u00f6nnen.<\/p>\n<p>&nbsp;<\/p>\n<p>Am Tag der Abfahrt erwarten wir Sie an der Steg, um Ihnen das Schiff zu zeigen, und Ihr Urlaub kann beginnen.<\/p>\n","protected":false},"excerpt":{"rendered":"<p>Ein Boot bei uns mieten ist sehr einfach. Sie k\u00f6nnen auf unserer Website ein Schiff Ihrer Wahl ausw\u00e4hlen. Ob Sie ein Schiff gemeinsam oder mit einer Gruppe von bis zu 8 Personen mieten m\u00f6chten. Wir haben f\u00fcr jede Zusammensetzung der Flotte ein passendes Schiff. &nbsp; Wenn Sie &#8220;Ihr&#8221; Schiff gefunden haben, k\u00f6nnen Sie es direkt [&hellip;]<\/p>\n","protected":false},"author":1,"featured_media":0,"parent":0,"menu_order":0,"comment_status":"closed","ping_status":"closed","template":"","meta":{"footnotes":""},"class_list":["post-3095","page","type-page","status-publish","hentry"],"_links":{"self":[{"href":"https:\/\/sailyachting.indigomedia.nl\/de\/wp-json\/wp\/v2\/pages\/3095","targetHints":{"allow":["GET"]}}],"collection":[{"href":"https:\/\/sailyachting.indigomedia.nl\/de\/wp-json\/wp\/v2\/pages"}],"about":[{"href":"https:\/\/sailyachting.indigomedia.nl\/de\/wp-json\/wp\/v2\/types\/page"}],"author":[{"embeddable":true,"href":"https:\/\/sailyachting.indigomedia.nl\/de\/wp-json\/wp\/v2\/users\/1"}],"replies":[{"embeddable":true,"href":"https:\/\/sailyachting.indigomedia.nl\/de\/wp-json\/wp\/v2\/comments?post=3095"}],"version-history":[{"count":0,"href":"https:\/\/sailyachting.indigomedia.nl\/de\/wp-json\/wp\/v2\/pages\/3095\/revisions"}],"wp:attachment":[{"href":"https:\/\/sailyachting.indigomedia.nl\/de\/wp-json\/wp\/v2\/media?parent=3095"}],"curies":[{"name":"wp","href":"https:\/\/api.w.org\/{rel}","templated":true}]}}