{"id":3219,"date":"2021-11-09T14:05:59","date_gmt":"2021-11-09T14:05:59","guid":{"rendered":"https:\/\/sailyachting.indigomedia.nl\/allgemeine-geschaeftsbedingungen\/"},"modified":"2021-11-09T14:05:59","modified_gmt":"2021-11-09T14:05:59","slug":"allgemeine-geschaeftsbedingungen","status":"publish","type":"page","link":"https:\/\/sailyachting.indigomedia.nl\/de\/allgemeine-geschaeftsbedingungen\/","title":{"rendered":"Allgemeine Bedingungen und Konditionen"},"content":{"rendered":"<p>Der Chartervertrag wird zwischen dem Vercharterer (Vermieter) und dem Mieter abgeschlossen.<\/p>\n<p>&nbsp;<\/p>\n<p><strong>Zahlung, Stornierung, Nichterscheinen des Mieters<\/strong><\/p>\n<ul>\n<li>Sofern im Vertrag nichts anderes festgelegt ist, ist die Anzahlung des Charterpreises in der angegebenen H\u00f6he innerhalb von 3 Tagen nach Vertragsabschluss zu leisten. Der Restbetrag muss 4 Wochen vor der Ankunft bezahlt werden.<\/li>\n<li>In dringenden F\u00e4llen kann der Vermieter innerhalb von 4 Tagen nach Vertragsabschluss vom Vertrag zur\u00fccktreten. In diesem Fall ist der Vermieter verpflichtet, dem Mieter den gezahlten Betrag zu erstatten.<\/li>\n<li>Wenn der Mieter nicht in der Lage ist, zu mieten, muss er uns rechtzeitig informieren. Vermietet der Vermieter das Schiff zu den gleichen Konditionen weiter, erh\u00e4lt der Mieter seine Zahlung abz\u00fcglich einer Bearbeitungsgeb\u00fchr von mindestens 20 % des Charterpreises zur\u00fcck. Dem Mieter wird dringend empfohlen, eine R\u00fccktrittsversicherung abzuschlie\u00dfen. Der Vermieter kann Ihnen die Formulare auf Anfrage zusenden.<\/li>\n<li>Zahlt der Mieter nicht innerhalb der Fristen, kann der Vermieter den Vertrag k\u00fcndigen. Gezahlte Betr\u00e4ge werden abz\u00fcglich 20% Bearbeitungsgeb\u00fchr zur\u00fcckerstattet, wenn die Yacht von einer anderen Person zu den gleichen Bedingungen gemietet wird.<\/li>\n<\/ul>\n<p><strong>Pflichten des Vermieters.<\/strong><\/p>\n<ol>\n<li>Die gebuchte Yacht wird vom Mieter sauber, segelfertig, seet\u00fcchtig und mit vollem Tank \u00fcbergeben.<\/li>\n<li>Die gebuchte Yacht kann w\u00e4hrend des Chartervertrages nicht an einen Dritten \u00fcbertragen werden. (Im Falle von Sch\u00e4den oder \u00c4hnlichem, die durch einen Unfall oder Zusammensto\u00df verursacht wurden, wird der Vermieter eine \u00e4hnliche Yacht als Ersatz zur Verf\u00fcgung stellen. Die Kaution wird vom Mieter bis zur R\u00fcckgabe der Ersatzyacht einbehalten.<\/li>\n<\/ol>\n<p>&nbsp;<\/p>\n<p><strong>Der Mieter sichert sich und verpflichtet sich wie folgt.<\/strong><\/p>\n<ul>\n<li>Kenntnis der Grunds\u00e4tze der Seemannschaft<\/li>\n<li>Sie m\u00fcssen die Seemannschaft beherrschen und \u00fcber die erforderliche Erfahrung in der Seefahrt verf\u00fcgen oder sicherstellen, dass jemand mit dieser Erfahrung an Bord ist. Wenn der Mieter oder sein Skipper nicht im Besitz der erforderlichen Segelscheine ist, hat der Vermieter das Recht, die \u00dcbergabe der Yacht zu verweigern oder einen Skipper auf Kosten des Mieters zu stellen. Der Vermieter kann auch beschlie\u00dfen, den gesamten Mietzeitraum zu stornieren und die gezahlte Miete abz\u00fcglich 20 % zu erstatten.<\/li>\n<li>Beachten Sie die Vorschriften des Gastlandes und melden Sie Ein- und Ausfahrten dem Hafenmeister.<\/li>\n<li>Nutzen Sie die Yacht nicht zu gewerblichen Zwecken, nehmen Sie keine ausl\u00e4ndischen Passagiere mit, \u00fcbergeben oder vermieten Sie die Yacht nicht ohne schriftliche Genehmigung des Vermieters an Dritte und transportieren Sie keine gef\u00e4hrlichen G\u00fcter und Stoffe.<\/li>\n<li>Das Segelgebiet des Vermieters darf nur mit dessen Erlaubnis betreten werden.<\/li>\n<li>keine \u00c4nderungen am Schiff oder seiner Ausr\u00fcstung vorzunehmen.<\/li>\n<li>Yacht und Ausr\u00fcstung gut zu behandeln, die Yacht nur mit Bootsschuhen zu betreten, das Logbuch zu benutzen, damit der Mieter die Bedingungen des Segelreviers kennt, z.B. Str\u00f6mungen und Wasserstands\u00e4nderungen bei starkem Wind, etc.<\/li>\n<li>Verlassen Sie den Hafen nicht, wenn der Wind st\u00e4rker als St\u00e4rke 7 ist.<\/li>\n<li>Die Yacht sollte in einem sauberen, ordentlichen und aufgetankten Zustand zur\u00fcckgegeben werden. Ist dies nicht der Fall, werden Reinigung, Betankung usw. dem Mieter in Rechnung gestellt und die Kaution oder ein Teil davon einbehalten. Das Gleiche gilt f\u00fcr die Verstopfung der Bordtoilette; in diesem Fall werden 200 \u20ac berechnet.<\/li>\n<li>Im Falle eines Schadens, einer Kollision oder \u00e4hnlichem am Schiff ist der Mieter verpflichtet, den Vermieter unverz\u00fcglich zu informieren. Bei Sch\u00e4den am Schiff oder bei Personensch\u00e4den hat der Mieter ein Schadensprotokoll zu erstellen und ggf. eine Stellungnahme des Hafenmeisters, des Arztes usw. einzuholen.<\/li>\n<li>Lassen Sie die Yacht im Falle eines Schadens immer an der eigenen Leine abschleppen und treffen Sie keine Vereinbarungen \u00fcber Abschlepp- oder Bergungskosten.<\/li>\n<li>\u00dcberpr\u00fcfung des Zustands des Schiffes und der Vollst\u00e4ndigkeit der Ausr\u00fcstung und des Inventars sowohl bei der \u00dcbernahme als auch bei der R\u00fcckgabe des Schiffes. Dies geschieht anhand der Checkliste an Bord und der Unterzeichnung der Checkliste.<\/li>\n<li>Vermerken Sie Beschwerden auf dem R\u00fcck\u00fcbernahme- und R\u00fcckkehrprotokoll. Eine zu sp\u00e4t eingereichte Beschwerde wird ausgeschlossen.<\/li>\n<li>Gesetzlich vorgeschriebene Chartervertr\u00e4ge oder eigene Vertragsformulare des Vermieters m\u00fcssen vor der \u00dcbernahme der Yacht unterzeichnet werden.<\/li>\n<\/ul>\n<p><strong>Reparaturen und Motor\u00fcberwachung<\/strong><\/p>\n<p>1) Reparaturen d\u00fcrfen nur mit Zustimmung des Vermieters durchgef\u00fchrt werden. Ausgeliehene Teile m\u00fcssen immer aufbewahrt werden. Die Kosten f\u00fcr Reparaturen, die durch Abnutzung erforderlich sind, werden vom Vermieter auf der Grundlage der beigef\u00fcgten Rechnung erstattet.<\/p>\n<p>2) Der \u00d6lstand und der K\u00fchlmittelstand werden t\u00e4glich vom Vermieter kontrolliert. Der Mieter muss auch pr\u00fcfen, ob die Motork\u00fchlung bei laufendem Motor in Ordnung ist. Sch\u00e4den, die durch das Trockenlaufen des Motors verursacht werden, sind in keinem Fall versichert und der Mieter haftet daf\u00fcr. Au\u00dferdem kann der Motor bei einer Neigung von mehr als 10 Grad nicht verwendet werden, da er kein Wasser oder \u00d6l erh\u00e4lt.<\/p>\n<p><strong>Stornierung durch den Vermieter oder Minderung des Charterpreises im Falle einer versp\u00e4teten \u00dcbernahme oder eines Schadens.<\/strong><\/p>\n<p>1) Wenn die Yacht oder die Ersatzyacht vom Vermieter nicht zum vereinbarten Zeitpunkt geliefert wird, kann der Mieter die vollst\u00e4ndig geleisteten Zahlungen fr\u00fchestens 24 Stunden danach zur\u00fcckerhalten. Bei einer Charterdauer von 2 oder mehr Wochen erh\u00f6ht sich diese Dauer um 24 Stunden pro angemieteter Woche.<\/p>\n<p>2) Weitergehende Anspr\u00fcche des Mieters, au\u00dfer bei Fahrl\u00e4ssigkeit des Vermieters, sind ausgeschlossen. Tritt der Mieter nicht vom Vertrag zur\u00fcck, beh\u00e4lt er das Recht auf R\u00fcckerstattung des Charterpreises, da das Schiff sp\u00e4ter \u00fcbergeben wird.<\/p>\n<p>3) Sch\u00e4den an der Yacht oder der Ausr\u00fcstung, die die Seet\u00fcchtigkeit der Yacht oder die Nutzung der Yacht nicht beeintr\u00e4chtigen, sind keine aufschiebende Bedingung f\u00fcr den Vertrag. Die R\u00fcckzahlung oder der Abzug des Mietzinses ist hiermit ausgeschlossen.<\/p>\n<p>&nbsp;<\/p>\n<p><strong>Die Haftung des Vermieters<\/strong><\/p>\n<p>1) Der Vermieter haftet nur f\u00fcr Sch\u00e4den, die der Mieter und seine Mitarbeiter durch Fahrl\u00e4ssigkeit des Vermieters verursacht haben.<\/p>\n<p>2) Der Vermieter haftet nicht f\u00fcr Sch\u00e4den, die durch Ungenauigkeiten, Fehler, \u00c4nderungen der Seekarten, Handb\u00fccher, Kompasse usw. entstehen.<\/p>\n<p>3) Anspr\u00fcche des Mieters wegen Unbenutzbarkeit der Yacht aufgrund von Sch\u00e4den oder Ausf\u00e4llen, die durch den Mieter oder Dritte w\u00e4hrend der Charterzeit verursacht werden, sind ausgeschlossen.<\/p>\n<p>&nbsp;<\/p>\n<p><strong>Die Haftung des Mieters<\/strong><\/p>\n<p>1) F\u00fcr Handlungen und Unterlassungen des Mieters, f\u00fcr die der Vermieter von Dritten in Anspruch genommen wird, haftet der Vermieter dem Mieter f\u00fcr alle privaten und strafrechtlichen Folgen. Der Mieter wird auch f\u00fcr alle Gerichts- und Anwaltskosten haftbar gemacht. Der Mieter \u00fcbernimmt die Jacht auf eigene Verantwortung.<\/p>\n<p>2) Wenn der Mieter die Yacht an einem anderen als dem vereinbarten Ort zur\u00fcckl\u00e4sst, aus welchem Grund auch immer, tr\u00e4gt der Mieter alle Kosten f\u00fcr die R\u00fcckf\u00fchrung der Yacht zum Heimathafen. Sowohl an Land als auch auf dem Wasser. Liegt die R\u00fcckkehr des Schiffes nach der Charterzeit, z\u00e4hlt der Zeitraum, bis das Schiff wieder im Heimathafen liegt.<\/p>\n<p>3) Die versp\u00e4tete R\u00fcckgabe der Yacht wird dem Mieter in Rechnung gestellt und die Nichtbenutzung der Yacht kann ebenfalls in Rechnung gestellt werden.<\/p>\n<p>4) Der Abschluss einer Kaskoversicherung durch den Vermieter befreit den Mieter nicht von der Haftung f\u00fcr von ihm verursachte Sch\u00e4den. Diese Versicherung deckt nur Sch\u00e4den, die durch Fahrl\u00e4ssigkeit des Mieters verursacht wurden.<\/p>\n<p>5) Die Bedingungen des Versicherers, die auf Anfrage gerne zugesandt werden. F\u00fcr selbstverschuldete Sch\u00e4den haftet der Mieter und der Betrag kann von der geleisteten Kaution abgezogen werden. Wenn die Yacht und ihre Ausr\u00fcstung ohne Sch\u00e4den zur\u00fcckgegeben werden, wird die Kaution in voller H\u00f6he zur\u00fcckerstattet. Besch\u00e4digungen und Verlust von Gegenst\u00e4nden werden von der Kaution abgezogen. \u00dcbersteigt der Schaden oder Verlust die Kaution, kann der Vermieter sie in Rechnung stellen. Aus versicherungstechnischen Gr\u00fcnden sind unsere Yachten mit einem GPS-System ausgestattet. Der Abschluss einer Bootsurlaubsversicherung wird dringend empfohlen. Der Vermieter ist gerne bereit, dem Mieter die Unterlagen zur Verf\u00fcgung zu stellen.<\/p>\n<p>&nbsp;<\/p>\n<p><strong>Vereinbarungen\/ Informationen\/ Klauseln<\/strong><\/p>\n<ul>\n<li>Eine Verl\u00e4ngerung der Charterzeit ist nur mit Zustimmung des Verp\u00e4chters m\u00f6glich und zul\u00e4ssig. Der Vermieter beh\u00e4lt sich das Recht vor, den Preis jederzeit zu \u00e4ndern und im Falle von Fehlern bei der Berechnung des Charterpreises und seiner Zuschl\u00e4ge den Preis gem\u00e4\u00df der neuesten Preisliste anzupassen, ohne dass dadurch seine Rechtsg\u00fcltigkeit ber\u00fchrt wird.<\/li>\n<\/ul>\n<p>2) M\u00fcndliche Zusicherungen und Vereinbarungen sind nur mit Zustimmung des Vermieters g\u00fcltig. Dies gilt auch f\u00fcr eine Fernerkl\u00e4rung. Ehrliche Informationen werden immer weitergegeben.<\/p>\n<p>3) Die oben beschriebenen fehlerhaft formulierten Regelungen in den Mietbedingungen sind keine g\u00fcltigen R\u00fccktrittsbedingungen. Die beiden Parteien einigen sich darauf, die fehlerhaft formulierten Regelungen so zu \u00e4ndern, dass alle Beteiligten den vereinbarten Regelungen zustimmen k\u00f6nnen.<\/p>\n<p>&nbsp;<\/p>\n<p><strong>Zust\u00e4ndiges Gericht, vollstreckbares Recht<\/strong><\/p>\n<p>F\u00fcr gemeinsame Anspr\u00fcche im Verh\u00e4ltnis zwischen Mieter und Vermieter ist das Recht durch das Gericht des Vermieters anwendbar<\/p>\n","protected":false},"excerpt":{"rendered":"<p>Der Chartervertrag wird zwischen dem Vercharterer (Vermieter) und dem Mieter abgeschlossen. &nbsp; Zahlung, Stornierung, Nichterscheinen des Mieters Sofern im Vertrag nichts anderes festgelegt ist, ist die Anzahlung des Charterpreises in der angegebenen H\u00f6he innerhalb von 3 Tagen nach Vertragsabschluss zu leisten. Der Restbetrag muss 4 Wochen vor der Ankunft bezahlt werden. In dringenden F\u00e4llen kann [&hellip;]<\/p>\n","protected":false},"author":1,"featured_media":0,"parent":0,"menu_order":0,"comment_status":"closed","ping_status":"closed","template":"","meta":{"footnotes":""},"class_list":["post-3219","page","type-page","status-publish","hentry"],"_links":{"self":[{"href":"https:\/\/sailyachting.indigomedia.nl\/de\/wp-json\/wp\/v2\/pages\/3219","targetHints":{"allow":["GET"]}}],"collection":[{"href":"https:\/\/sailyachting.indigomedia.nl\/de\/wp-json\/wp\/v2\/pages"}],"about":[{"href":"https:\/\/sailyachting.indigomedia.nl\/de\/wp-json\/wp\/v2\/types\/page"}],"author":[{"embeddable":true,"href":"https:\/\/sailyachting.indigomedia.nl\/de\/wp-json\/wp\/v2\/users\/1"}],"replies":[{"embeddable":true,"href":"https:\/\/sailyachting.indigomedia.nl\/de\/wp-json\/wp\/v2\/comments?post=3219"}],"version-history":[{"count":0,"href":"https:\/\/sailyachting.indigomedia.nl\/de\/wp-json\/wp\/v2\/pages\/3219\/revisions"}],"wp:attachment":[{"href":"https:\/\/sailyachting.indigomedia.nl\/de\/wp-json\/wp\/v2\/media?parent=3219"}],"curies":[{"name":"wp","href":"https:\/\/api.w.org\/{rel}","templated":true}]}}